{"id":1322,"date":"2025-06-16T13:21:33","date_gmt":"2025-06-16T11:21:33","guid":{"rendered":"https:\/\/accelagrobiogas.eu\/living-labs\/"},"modified":"2025-09-23T13:31:41","modified_gmt":"2025-09-23T11:31:41","slug":"living-labs","status":"publish","type":"page","link":"https:\/\/accelagrobiogas.eu\/da\/living-labs\/","title":{"rendered":"Living Labs"},"content":{"rendered":"<style>.kb-row-layout-id40_f281c9-5a > .kt-row-column-wrap{align-content:start;}:where(.kb-row-layout-id40_f281c9-5a > .kt-row-column-wrap) > .wp-block-kadence-column{justify-content:start;}.kb-row-layout-id40_f281c9-5a > .kt-row-column-wrap{column-gap:var(--global-kb-gap-md, 2rem);row-gap:var(--global-kb-gap-md, 2rem);max-width:var( --global-content-width, 1290px );padding-left:var(--global-content-edge-padding);padding-right:var(--global-content-edge-padding);padding-top:var(--global-kb-spacing-lg, 3rem);padding-bottom:var(--global-kb-spacing-lg, 3rem);min-height:80vh;grid-template-columns:repeat(2, minmax(0, 1fr));}.kb-row-layout-id40_f281c9-5a > .kt-row-layout-overlay{opacity:0.30;}@media all and (max-width: 1024px){.kb-row-layout-id40_f281c9-5a > .kt-row-column-wrap{grid-template-columns:minmax(0, 1fr);}}@media all and (max-width: 767px){.kb-row-layout-id40_f281c9-5a > .kt-row-column-wrap{grid-template-columns:minmax(0, 1fr);}}<\/style><div class=\"kb-row-layout-wrap kb-row-layout-id40_f281c9-5a alignfull has-theme-palette7-background-color kt-row-has-bg wp-block-kadence-rowlayout\"><div class=\"kt-row-column-wrap kt-has-2-columns kt-row-layout-equal kt-tab-layout-row kt-mobile-layout-row kt-row-valign-top kt-inner-column-height-full kb-theme-content-width\">\n<style>.kadence-column40_e939a8-bb > .kt-inside-inner-col{padding-top:var(--global-kb-spacing-lg, 3rem);padding-right:var(--global-kb-spacing-lg, 3rem);padding-bottom:var(--global-kb-spacing-lg, 3rem);padding-left:var(--global-kb-spacing-lg, 3rem);}.kadence-column40_e939a8-bb > .kt-inside-inner-col,.kadence-column40_e939a8-bb > .kt-inside-inner-col:before{border-top-left-radius:32px;border-top-right-radius:32px;border-bottom-right-radius:32px;border-bottom-left-radius:32px;}.kadence-column40_e939a8-bb > .kt-inside-inner-col{column-gap:var(--global-kb-gap-sm, 1rem);}.kadence-column40_e939a8-bb > .kt-inside-inner-col{flex-direction:column;}.kadence-column40_e939a8-bb > .kt-inside-inner-col > .aligncenter{width:100%;}.kadence-column40_e939a8-bb > .kt-inside-inner-col{background-color:var(--global-palette9, #ffffff);}.kadence-column40_e939a8-bb > .kt-inside-inner-col:before{opacity:0.3;}.kadence-column40_e939a8-bb{position:relative;}@media all and (max-width: 1024px){.kadence-column40_e939a8-bb > .kt-inside-inner-col{padding-top:var(--global-kb-spacing-md, 2rem);padding-right:var(--global-kb-spacing-md, 2rem);padding-bottom:var(--global-kb-spacing-md, 2rem);padding-left:var(--global-kb-spacing-md, 2rem);flex-direction:column;justify-content:center;}}@media all and (max-width: 767px){.kadence-column40_e939a8-bb > .kt-inside-inner-col{padding-top:var(--global-kb-spacing-sm, 1.5rem);padding-right:var(--global-kb-spacing-sm, 1.5rem);padding-bottom:var(--global-kb-spacing-sm, 1.5rem);padding-left:var(--global-kb-spacing-sm, 1.5rem);flex-direction:column;justify-content:center;}}<\/style>\n<div class=\"wp-block-kadence-column kadence-column40_e939a8-bb\"><div class=\"kt-inside-inner-col\"><style>.wp-block-kadence-advancedheading.kt-adv-heading40_1c7689-9e, .wp-block-kadence-advancedheading.kt-adv-heading40_1c7689-9e[data-kb-block=\"kb-adv-heading40_1c7689-9e\"]{margin-bottom:var(--global-kb-spacing-xxs, 0.5rem);font-style:normal;}.wp-block-kadence-advancedheading.kt-adv-heading40_1c7689-9e mark.kt-highlight, .wp-block-kadence-advancedheading.kt-adv-heading40_1c7689-9e[data-kb-block=\"kb-adv-heading40_1c7689-9e\"] mark.kt-highlight{font-style:normal;color:#f76a0c;-webkit-box-decoration-break:clone;box-decoration-break:clone;padding-top:0px;padding-right:0px;padding-bottom:0px;padding-left:0px;}.wp-block-kadence-advancedheading.kt-adv-heading40_1c7689-9e img.kb-inline-image, .wp-block-kadence-advancedheading.kt-adv-heading40_1c7689-9e[data-kb-block=\"kb-adv-heading40_1c7689-9e\"] img.kb-inline-image{width:150px;vertical-align:baseline;}<\/style>\n<h2 class=\"kt-adv-heading40_1c7689-9e wp-block-kadence-advancedheading\" data-kb-block=\"kb-adv-heading40_1c7689-9e\">Om Living Labs<\/h2>\n\n\n<style>.wp-block-kadence-spacer.kt-block-spacer-40_93ef15-60 .kt-block-spacer{height:40px;}.wp-block-kadence-spacer.kt-block-spacer-40_93ef15-60 .kt-divider{border-top-width:2px;border-top-color:var(--global-palette5, #4A5568);width:100px;border-top-style:solid;}<\/style>\n<div class=\"wp-block-kadence-spacer aligncenter kt-block-spacer-40_93ef15-60\"><div class=\"kt-block-spacer kt-block-spacer-halign-left\"><hr class=\"kt-divider\"\/><\/div><\/div>\n\n\n\n<p>Accel AgroBiogas bygger p\u00e5 etablering av <strong>Living Labs <\/strong>i utvalda regioner i Sverige och Danmark.<\/p>\n\n\n\n<p>I disse testmilj\u00f8er samarbejder landm\u00e6nd, biogasoperat\u00f8rer, forskere og r\u00e5dgivere om praktisk at teste, evaluere og udvikle nye biomassestr\u00f8mme til biogasproduktion.<\/p>\n\n\n<style>.wp-block-kadence-advancedheading.kt-adv-heading40_55def7-62, .wp-block-kadence-advancedheading.kt-adv-heading40_55def7-62[data-kb-block=\"kb-adv-heading40_55def7-62\"]{margin-bottom:var(--global-kb-spacing-xxs, 0.5rem);font-style:normal;}.wp-block-kadence-advancedheading.kt-adv-heading40_55def7-62 mark.kt-highlight, .wp-block-kadence-advancedheading.kt-adv-heading40_55def7-62[data-kb-block=\"kb-adv-heading40_55def7-62\"] mark.kt-highlight{font-style:normal;color:#f76a0c;-webkit-box-decoration-break:clone;box-decoration-break:clone;padding-top:0px;padding-right:0px;padding-bottom:0px;padding-left:0px;}.wp-block-kadence-advancedheading.kt-adv-heading40_55def7-62 img.kb-inline-image, .wp-block-kadence-advancedheading.kt-adv-heading40_55def7-62[data-kb-block=\"kb-adv-heading40_55def7-62\"] img.kb-inline-image{width:150px;vertical-align:baseline;}<\/style>\n<h2 class=\"kt-adv-heading40_55def7-62 wp-block-kadence-advancedheading\" data-kb-block=\"kb-adv-heading40_55def7-62\">Vores Living Labs<\/h2>\n\n\n<style>.wp-block-kadence-spacer.kt-block-spacer-40_0b5558-88 .kt-block-spacer{height:40px;}.wp-block-kadence-spacer.kt-block-spacer-40_0b5558-88 .kt-divider{border-top-width:2px;border-top-color:var(--global-palette5, #4A5568);width:100px;border-top-style:solid;}<\/style>\n<div class=\"wp-block-kadence-spacer aligncenter kt-block-spacer-40_0b5558-88\"><div class=\"kt-block-spacer kt-block-spacer-halign-left\"><hr class=\"kt-divider\"\/><\/div><\/div>\n\n\n<ul style=\"line-height:2;text-decoration:none; padding-top:var(--wp--preset--spacing--50);padding-bottom:var(--wp--preset--spacing--50);padding-left:var(--wp--preset--spacing--50);padding-right:var(--wp--preset--spacing--50);\" class=\"wp-elements-8cc774131347ba063a8d14616e71d0ee wp-block-page-list has-medium-font-size\"><li class=\"wp-block-pages-list__item\"><a class=\"wp-block-pages-list__item__link\" href=\"https:\/\/accelagrobiogas.eu\/da\/living-labs\/living-lab-halland\/\">Living Lab Halland<\/a><\/li><li class=\"wp-block-pages-list__item\"><a class=\"wp-block-pages-list__item__link\" href=\"https:\/\/accelagrobiogas.eu\/da\/living-labs\/living-lab-midtjylland\/\">Living Lab Midtjylland<\/a><\/li><li class=\"wp-block-pages-list__item\"><a class=\"wp-block-pages-list__item__link\" href=\"https:\/\/accelagrobiogas.eu\/da\/living-labs\/living-lab-skaane\/\">Living Lab Sk\u00e5ne<\/a><\/li><li class=\"wp-block-pages-list__item\"><a class=\"wp-block-pages-list__item__link\" href=\"https:\/\/accelagrobiogas.eu\/da\/living-labs\/living-lab-vastra-gotaland\/\">Living Lab V\u00e4stra G\u00f6taland<\/a><\/li><\/ul><\/div><\/div>\n\n\n<style>.kadence-column40_89ea98-d5 > .kt-inside-inner-col{display:flex;}.kadence-column40_89ea98-d5 > .kt-inside-inner-col,.kadence-column40_89ea98-d5 > .kt-inside-inner-col:before{border-top-left-radius:0px;border-top-right-radius:0px;border-bottom-right-radius:0px;border-bottom-left-radius:0px;}.kadence-column40_89ea98-d5 > .kt-inside-inner-col{column-gap:var(--global-kb-gap-sm, 1rem);}.kadence-column40_89ea98-d5 > .kt-inside-inner-col{flex-direction:column;justify-content:space-evenly;}.kadence-column40_89ea98-d5 > .kt-inside-inner-col > .aligncenter{width:100%;}.kt-row-column-wrap > .kadence-column40_89ea98-d5{align-self:center;}.kt-inner-column-height-full:not(.kt-has-1-columns) > .wp-block-kadence-column.kadence-column40_89ea98-d5{align-self:auto;}.kt-inner-column-height-full:not(.kt-has-1-columns) > .wp-block-kadence-column.kadence-column40_89ea98-d5 > .kt-inside-inner-col{flex-direction:column;justify-content:space-evenly;}.kadence-column40_89ea98-d5 > .kt-inside-inner-col:before{opacity:0.3;}.kadence-column40_89ea98-d5{position:relative;}@media all and (max-width: 1024px){.kt-row-column-wrap > .kadence-column40_89ea98-d5{align-self:center;}}@media all and (max-width: 1024px){.kt-inner-column-height-full:not(.kt-has-1-columns) > .wp-block-kadence-column.kadence-column40_89ea98-d5{align-self:auto;}}@media all and (max-width: 1024px){.kt-inner-column-height-full:not(.kt-has-1-columns) > .wp-block-kadence-column.kadence-column40_89ea98-d5 > .kt-inside-inner-col{flex-direction:column;justify-content:space-evenly;}}@media all and (max-width: 1024px){.kadence-column40_89ea98-d5 > .kt-inside-inner-col{flex-direction:column;justify-content:space-evenly;}}@media all and (max-width: 767px){.kt-row-column-wrap > .kadence-column40_89ea98-d5{align-self:center;}.kt-inner-column-height-full:not(.kt-has-1-columns) > .wp-block-kadence-column.kadence-column40_89ea98-d5{align-self:auto;}.kt-inner-column-height-full:not(.kt-has-1-columns) > .wp-block-kadence-column.kadence-column40_89ea98-d5 > .kt-inside-inner-col{flex-direction:column;justify-content:space-evenly;}.kadence-column40_89ea98-d5 > .kt-inside-inner-col{flex-direction:column;justify-content:space-evenly;}}<\/style>\n<div class=\"wp-block-kadence-column kadence-column40_89ea98-d5\"><div class=\"kt-inside-inner-col\"><style>.kb-image40_c2226d-91 .kb-image-has-overlay:after{opacity:0.3;border-top-left-radius:32px;border-top-right-radius:32px;border-bottom-right-radius:32px;border-bottom-left-radius:32px;}.kb-image40_c2226d-91 img.kb-img, .kb-image40_c2226d-91 .kb-img img{border-top-left-radius:32px;border-top-right-radius:32px;border-bottom-right-radius:32px;border-bottom-left-radius:32px;}<\/style>\n<figure class=\"wp-block-kadence-image kb-image40_c2226d-91 size-large\"><img loading=\"lazy\" decoding=\"async\" width=\"1024\" height=\"682\" src=\"https:\/\/accelagrobiogas.eu\/wp-content\/uploads\/2025\/06\/accel-agrobiogas-16-1024x682.jpg\" alt=\"\" class=\"kb-img wp-image-57\" srcset=\"https:\/\/accelagrobiogas.eu\/wp-content\/uploads\/2025\/06\/accel-agrobiogas-16-1024x682.jpg 1024w, https:\/\/accelagrobiogas.eu\/wp-content\/uploads\/2025\/06\/accel-agrobiogas-16-300x200.jpg 300w, https:\/\/accelagrobiogas.eu\/wp-content\/uploads\/2025\/06\/accel-agrobiogas-16-768x512.jpg 768w, https:\/\/accelagrobiogas.eu\/wp-content\/uploads\/2025\/06\/accel-agrobiogas-16-1536x1024.jpg 1536w, https:\/\/accelagrobiogas.eu\/wp-content\/uploads\/2025\/06\/accel-agrobiogas-16.jpg 2000w\" sizes=\"auto, (max-width: 1024px) 100vw, 1024px\" \/><\/figure>\n\n\n<style>.kb-image40_1edb43-2c .kb-image-has-overlay:after{opacity:0.3;border-top-left-radius:32px;border-top-right-radius:32px;border-bottom-right-radius:32px;border-bottom-left-radius:32px;}.kb-image40_1edb43-2c img.kb-img, .kb-image40_1edb43-2c .kb-img img{border-top-left-radius:32px;border-top-right-radius:32px;border-bottom-right-radius:32px;border-bottom-left-radius:32px;}<\/style>\n<figure class=\"wp-block-kadence-image kb-image40_1edb43-2c size-large\"><img loading=\"lazy\" decoding=\"async\" width=\"1024\" height=\"682\" src=\"https:\/\/accelagrobiogas.eu\/wp-content\/uploads\/2025\/06\/accel-agrobiogas-2-1024x682.jpg\" alt=\"\" class=\"kb-img wp-image-71\" srcset=\"https:\/\/accelagrobiogas.eu\/wp-content\/uploads\/2025\/06\/accel-agrobiogas-2-1024x682.jpg 1024w, https:\/\/accelagrobiogas.eu\/wp-content\/uploads\/2025\/06\/accel-agrobiogas-2-300x200.jpg 300w, https:\/\/accelagrobiogas.eu\/wp-content\/uploads\/2025\/06\/accel-agrobiogas-2-768x512.jpg 768w, https:\/\/accelagrobiogas.eu\/wp-content\/uploads\/2025\/06\/accel-agrobiogas-2-1536x1024.jpg 1536w, https:\/\/accelagrobiogas.eu\/wp-content\/uploads\/2025\/06\/accel-agrobiogas-2.jpg 2000w\" sizes=\"auto, (max-width: 1024px) 100vw, 1024px\" \/><\/figure>\n<\/div><\/div>\n\n<\/div><\/div>","protected":false},"excerpt":{"rendered":"<p>Om Living Labs Accel AgroBiogas bygger p\u00e5 etablering av Living Labs i utvalda regioner i Sverige och Danmark. I disse testmilj\u00f8er samarbejder landm\u00e6nd, biogasoperat\u00f8rer, forskere og r\u00e5dgivere om praktisk at teste, evaluere og udvikle nye biomassestr\u00f8mme til biogasproduktion. Vores Living Labs<\/p>\n","protected":false},"author":2,"featured_media":0,"parent":0,"menu_order":0,"comment_status":"closed","ping_status":"closed","template":"","meta":{"_acf_changed":false,"_kad_blocks_custom_css":"","_kad_blocks_head_custom_js":"","_kad_blocks_body_custom_js":"","_kad_blocks_footer_custom_js":"","_kad_post_transparent":"","_kad_post_title":"","_kad_post_layout":"","_kad_post_sidebar_id":"","_kad_post_content_style":"","_kad_post_vertical_padding":"","_kad_post_feature":"","_kad_post_feature_position":"","_kad_post_header":false,"_kad_post_footer":false,"_kad_post_classname":"","footnotes":""},"class_list":["post-1322","page","type-page","status-publish","hentry"],"acf":[],"taxonomy_info":[],"featured_image_src_large":false,"author_info":{"display_name":"AlizonWeb","author_link":"https:\/\/accelagrobiogas.eu\/da\/author\/aab_admin\/"},"comment_info":0,"_links":{"self":[{"href":"https:\/\/accelagrobiogas.eu\/da\/wp-json\/wp\/v2\/pages\/1322","targetHints":{"allow":["GET"]}}],"collection":[{"href":"https:\/\/accelagrobiogas.eu\/da\/wp-json\/wp\/v2\/pages"}],"about":[{"href":"https:\/\/accelagrobiogas.eu\/da\/wp-json\/wp\/v2\/types\/page"}],"author":[{"embeddable":true,"href":"https:\/\/accelagrobiogas.eu\/da\/wp-json\/wp\/v2\/users\/2"}],"replies":[{"embeddable":true,"href":"https:\/\/accelagrobiogas.eu\/da\/wp-json\/wp\/v2\/comments?post=1322"}],"version-history":[{"count":7,"href":"https:\/\/accelagrobiogas.eu\/da\/wp-json\/wp\/v2\/pages\/1322\/revisions"}],"predecessor-version":[{"id":1474,"href":"https:\/\/accelagrobiogas.eu\/da\/wp-json\/wp\/v2\/pages\/1322\/revisions\/1474"}],"wp:attachment":[{"href":"https:\/\/accelagrobiogas.eu\/da\/wp-json\/wp\/v2\/media?parent=1322"}],"curies":[{"name":"wp","href":"https:\/\/api.w.org\/{rel}","templated":true}]}}